{"id":355,"date":"2024-02-13T15:22:39","date_gmt":"2024-02-13T21:22:39","guid":{"rendered":"https:\/\/autoplastek.dreamhosters.com\/?page_id=355"},"modified":"2024-02-16T13:42:49","modified_gmt":"2024-02-16T19:42:49","slug":"aviso-de-privacidad","status":"publish","type":"page","link":"https:\/\/autoplastek.com\/en\/aviso-de-privacidad\/","title":{"rendered":"Privacy notice"},"content":{"rendered":"<div data-elementor-type=\"wp-page\" data-elementor-id=\"355\" class=\"elementor elementor-355\" data-elementor-post-type=\"page\">\n\t\t\t\t<div data-dce-background-image-url=\"https:\/\/autoplastek.com\/wp-content\/uploads\/2024\/02\/Aviso-de-privacidad.png\" class=\"elementor-element elementor-element-9af076a e-con-full e-flex e-con e-parent\" data-id=\"9af076a\" data-element_type=\"container\" data-settings=\"{&quot;background_background&quot;:&quot;classic&quot;,&quot;jet_parallax_layout_list&quot;:[]}\">\n\t\t\t\t<div class=\"elementor-element elementor-element-fdd000a elementor-widget elementor-widget-heading\" data-id=\"fdd000a\" data-element_type=\"widget\" data-widget_type=\"heading.default\">\n\t\t\t\t<div class=\"elementor-widget-container\">\n\t\t\t<style>\/*! elementor - v3.22.0 - 24-06-2024 *\/\n.elementor-heading-title{padding:0;margin:0;line-height:1}.elementor-widget-heading .elementor-heading-title[class*=elementor-size-]>a{color:inherit;font-size:inherit;line-height:inherit}.elementor-widget-heading .elementor-heading-title.elementor-size-small{font-size:15px}.elementor-widget-heading .elementor-heading-title.elementor-size-medium{font-size:19px}.elementor-widget-heading .elementor-heading-title.elementor-size-large{font-size:29px}.elementor-widget-heading .elementor-heading-title.elementor-size-xl{font-size:39px}.elementor-widget-heading .elementor-heading-title.elementor-size-xxl{font-size:59px}<\/style><h2 class=\"elementor-heading-title elementor-size-default\">Privacy notice<\/h2>\t\t<\/div>\n\t\t\t\t<\/div>\n\t\t\t\t<\/div>\n\t\t<div class=\"elementor-element elementor-element-f9df895 e-con-full e-flex e-con e-parent\" data-id=\"f9df895\" data-element_type=\"container\" data-settings=\"{&quot;jet_parallax_layout_list&quot;:[]}\">\n\t\t\t\t<div class=\"elementor-element elementor-element-4caf455 elementor-widget elementor-widget-text-editor\" data-id=\"4caf455\" data-element_type=\"widget\" data-widget_type=\"text-editor.default\">\n\t\t\t\t<div class=\"elementor-widget-container\">\n\t\t\t<style>\/*! elementor - v3.22.0 - 24-06-2024 *\/\n.elementor-widget-text-editor.elementor-drop-cap-view-stacked .elementor-drop-cap{background-color:#69727d;color:#fff}.elementor-widget-text-editor.elementor-drop-cap-view-framed .elementor-drop-cap{color:#69727d;border:3px solid;background-color:transparent}.elementor-widget-text-editor:not(.elementor-drop-cap-view-default) .elementor-drop-cap{margin-top:8px}.elementor-widget-text-editor:not(.elementor-drop-cap-view-default) .elementor-drop-cap-letter{width:1em;height:1em}.elementor-widget-text-editor .elementor-drop-cap{float:left;text-align:center;line-height:1;font-size:50px}.elementor-widget-text-editor .elementor-drop-cap-letter{display:inline-block}<\/style>\t\t\t\t<p><span style=\"color: #f10033;\"><strong>1. Identidad y domicilio del responsable<\/strong><\/span><\/p><p>Grupo Gonorma de M\u00e9xico, S.A. de C.V., mejor conocido como Auto Plastek, con domicilio en Huajuapan 809 Int. 3, Parque Industrial Ocotl\u00e1n, Coronango, Puebla, M\u00e9xico, C.P. 72680, es el responsable del uso y protecci\u00f3n de sus datos personales, y al respecto le informamos lo siguiente:<\/p><p><strong><span style=\"color: #f10033;\"> 2. Finalidades del tratamiento de datos que recabamos <\/span><\/strong><\/p><p>Los datos personales que recabamos de nuestros clientes o clientes potenciales (en adelante el Usuario) los utilizaremos para las siguientes finalidades primarias que son necesarias para el servicio y\/o producto que solicita:<\/p><p>a. Finalidades primarias<\/p><p>i. Para enviarle informaci\u00f3n respecto a promociones, eventos de la marca, informaci\u00f3n de nuestros socios de negocios, ofrecerle nuestros productos o servicios, pudiendo realizar acciones comerciales, de mercadotecnia, estad\u00edstica, encuestas de satisfacci\u00f3n y evaluaci\u00f3n de nuestro proceso de calidad, y de prospecci\u00f3n tendiente a dichas finalidades.<\/p><p>ii. Enviar publicidad de productos y servicios de la marca Auto Plastek.<\/p><p>iii. Para realizar estudios sobre h\u00e1bitos de consumo, mercadotecnia, publicidad o prospecci\u00f3n comercial, analizando su informaci\u00f3n y realizar estudios de mercado<\/p><p>iv. Para dar cumplimiento a la relaci\u00f3n jur\u00eddica o a requerimientos legales o de autoridad.<\/p><p>v. Para contactarlo con la finalidad de realizar una encuesta de satisfacci\u00f3n para conocer su nivel de satisfacci\u00f3n e invitarlo a participar en la evaluaci\u00f3n de nuestros procesos de calidad.<\/p><p>vi. Contactarlo para validar la calidad de sus datos personales, es decir, validar que \u00e9stos sean exactos, completos, correctos y actualizados.<\/p><p>vii. Para dar seguimiento a solicitudes, reclamaciones y\/o quejas<\/p><p>viii. Mantener actualizados los registros de sus datos personales en los sistemas operados con la Red de Concesionarios de la marca Auto Plastek.<\/p><p>b. Finalidades secundarias i. Para enviarle informaci\u00f3n respecto a promociones, eventos de la marca, informaci\u00f3n de nuestros socios de negocios, ofrecerle nuestros productos o servicios, pudiendo realizar acciones comerciales, de mercadotecnia, estad\u00edstica y de prospecci\u00f3n tendiente a dichas finalidades.<\/p><p>ii. Para realizar estudios sobre h\u00e1bitos de consumo, mercadotecnia, publicidad o prospecci\u00f3n comercial, analizando su informaci\u00f3n y realizar estudios de mercado.<\/p><p>iii. Para enviarle publicidad de productos y servicios de la marca Auto Plastek.<\/p><p><strong><span style=\"color: #f10033;\">3. Datos personales que se recaban <\/span><\/strong><\/p><p>Para llevar a cabo las finalidades descritas en el presente aviso de privacidad, utilizaremos las siguientes categor\u00edas de datos personales:<\/p><p>Datos de identificaci\u00f3n Datos de contacto Datos laborales Datos acad\u00e9micos Datos patrimoniales y\/o financieros Datos sobre n\u00famero de integrantes de la familia Datos sobre necesidades del producto o servicio requerido<\/p><p><span style=\"color: #f10033;\"><strong>4. Comunicaci\u00f3n y transferencia de datos personales <\/strong><\/span><\/p><p>a. Comunicaci\u00f3n<\/p><p>Le informamos que sus datos personales son compartidos dentro y fuera del pa\u00eds con las siguientes personas, para las finalidades primarias y secundarias descritas en el presente Aviso de Privacidad:<\/p><p>Con nuestros proveedores: Empresas de mercadotecnia, publicidad, hosting, call center, organizadores de eventos, de atenci\u00f3n al cliente, investigaci\u00f3n de mercado, agencias de marketing y tecnolog\u00edas de informaci\u00f3n. Le informamos que para la comunicaci\u00f3n de sus datos personales a los terceros arriba indicados, en t\u00e9rminos de la Ley Federal de Protecci\u00f3n de Datos Personales en Posesi\u00f3n de los Particulares y su Reglamento, no requerimos de su consentimiento.<\/p><p>b. Transferencia de datos personales<\/p><p>Grupo Gonorma de M\u00e9xico, S.A. de C.V., podr\u00e1 transferir dentro y fuera del pa\u00eds sus datos personales recabados a las siguientes personas, asimismo podr\u00e1 transferir sus datos personales en los casos espec\u00edficamente previstos en la Ley.<\/p><p>Transferencias sin necesidad de consentimiento: Para cumplir con las finalidades primarias y secundarias establecidas en el presente Aviso de Privacidad Grupo Gonorma de M\u00e9xico, S.A. de C.V. podr\u00e1 transferir sus datos personales recabados a las siguientes personas morales:<\/p><p>Empresas controladoras, filiales y subsidiarias del Grupo Auto Plastek. Transferencias donde requerimos de su consentimiento: Para cumplir con las finalidades primarias establecidas en los puntos i, ii, iv, v, vii, ix, xii y xv del presente Aviso de Privacidad, Grupo Gonorma de M\u00e9xico, S.A. de C.V. podr\u00e1 transferir sus datos personales recabados, a las siguientes personas morales<\/p><p><strong><span style=\"color: #f10033;\">5. Opciones y Medios para limitar el uso o divulgaci\u00f3n de sus datos <\/span><\/strong><\/p><p>Con objeto de que usted pueda limitar el uso y divulgaci\u00f3n de su informaci\u00f3n personal, le ofrecemos los siguientes medios:<\/p><p>As\u00ed mismo y de manera adicional, le informamos que usted pueda limitar el uso y divulgaci\u00f3n de su informaci\u00f3n en los siguientes medios: Registro P\u00fablico para Evitar Publicidad, para mayor informaci\u00f3n consulte el portal de internet de la PROFECO.<\/p><p><strong><span style=\"color: #f10033;\">6. Uso de tecnolog\u00edas de rastreo en nuestro portal de internet <\/span><\/strong><\/p><p>Le informamos que en nuestra p\u00e1gina de internet utilizamos cookies propias para mejorar nuestro servicio y mostrar publicidad relacionada a sus preferencias mediante el an\u00e1lisis de h\u00e1bitos de navegaci\u00f3n. Nuestra pol\u00edtica describe las cookies que usamos y c\u00f3mo puedes cambiar sus preferencias.<\/p><p>Las cookies que usamos nos permiten reconocer a los usuarios que visitan el sitio varias veces y sus datos importantes para que as\u00ed, no tengas que ingresar la misma informaci\u00f3n m\u00e1s de una vez. Nos ayudan a comprender los patrones de tr\u00e1fico de los usuarios en nuestro sitio web para que podamos optimizar la navegaci\u00f3n.<\/p><p>Podemos usar cookies para recabar informaci\u00f3n sobre el uso de nuestro sitio web. Esas cookies se pueden usar para recolectar informaci\u00f3n t\u00e9cnica detallada como la \u00faltima p\u00e1gina visitada, el n\u00famero de p\u00e1ginas visitadas, si se abrieron comunicaciones por correo electr\u00f3nico, en qu\u00e9 partes de nuestro sitio web o comunicaciones por correo electr\u00f3nico se hace clic y el intervalo de tiempo entre clics.<\/p><p>Tambi\u00e9n utilizamos cookies que hacen posibles diversas funciones de utilidad en nuestro sitio web, para brindar anuncios publicitarios m\u00e1s acordes a ti y a tus intereses. Esas cookies pueden recolectar informaci\u00f3n detallada sobre tus h\u00e1bitos de navegaci\u00f3n en nuestro sitio web. Tambi\u00e9n se pueden usar para reconocer cuando vuelvas a visitar nuestro sitio web.<\/p><p>\u00bfQu\u00e9 pasa si desactivas las cookies?<\/p><p>Si bloqueas o borras cookies, es posible que no podamos restaurar tus preferencias o ajustes personalizados que hayas especificado antes, y estar\u00eda limitada nuestra capacidad para personalizar su experiencia en l\u00ednea.<\/p><p><strong><span style=\"color: #f10033;\">7. Medio por el cual Usted puede conocer los cambios en el presente Aviso de Privacidad <\/span><\/strong><\/p><p>El presente aviso de privacidad puede sufrir modificaciones, cambios o actualizaciones derivadas de nuevos requerimientos legales; de nuestras propias necesidades por los productos o servicios que ofrecemos; de nuestras pr\u00e1cticas de privacidad; de cambios en nuestro modelo de negocio, o por otras causas.<\/p><p>Nos comprometemos a mantenerlo informado sobre los cambios que pueda sufrir el presente aviso de privacidad, mediante su publicaci\u00f3n en nuestra p\u00e1gina de internet www.autoplastek.com.<\/p><p>V.1 \u00daltima actualizaci\u00f3n: 20 de Julio de 2022<\/p>\t\t\t\t\t\t<\/div>\n\t\t\t\t<\/div>\n\t\t\t\t<\/div>\n\t\t\t\t<\/div>","protected":false},"excerpt":{"rendered":"<p>Aviso de privacidad 1. Identidad y domicilio del responsable Grupo Gonorma de M\u00e9xico, S.A. de C.V., mejor conocido como Auto Plastek, con domicilio en Huajuapan 809 Int. 3, Parque Industrial Ocotl\u00e1n, Coronango, Puebla, M\u00e9xico, C.P. 72680, es el responsable del uso y protecci\u00f3n de sus datos personales, y al respecto le informamos lo siguiente: 2. [&hellip;]<\/p>","protected":false},"author":2,"featured_media":0,"parent":0,"menu_order":0,"comment_status":"closed","ping_status":"closed","template":"","meta":{"footnotes":""},"_links":{"self":[{"href":"https:\/\/autoplastek.com\/en\/wp-json\/wp\/v2\/pages\/355"}],"collection":[{"href":"https:\/\/autoplastek.com\/en\/wp-json\/wp\/v2\/pages"}],"about":[{"href":"https:\/\/autoplastek.com\/en\/wp-json\/wp\/v2\/types\/page"}],"author":[{"embeddable":true,"href":"https:\/\/autoplastek.com\/en\/wp-json\/wp\/v2\/users\/2"}],"replies":[{"embeddable":true,"href":"https:\/\/autoplastek.com\/en\/wp-json\/wp\/v2\/comments?post=355"}],"version-history":[{"count":10,"href":"https:\/\/autoplastek.com\/en\/wp-json\/wp\/v2\/pages\/355\/revisions"}],"predecessor-version":[{"id":775,"href":"https:\/\/autoplastek.com\/en\/wp-json\/wp\/v2\/pages\/355\/revisions\/775"}],"wp:attachment":[{"href":"https:\/\/autoplastek.com\/en\/wp-json\/wp\/v2\/media?parent=355"}],"curies":[{"name":"wp","href":"https:\/\/api.w.org\/{rel}","templated":true}]}}