{"id":104,"date":"2024-02-12T16:31:53","date_gmt":"2024-02-12T22:31:53","guid":{"rendered":"https:\/\/autoplastek.dreamhosters.com\/?page_id=104"},"modified":"2024-05-08T16:51:54","modified_gmt":"2024-05-08T22:51:54","slug":"servicios","status":"publish","type":"page","link":"https:\/\/autoplastek.com\/en\/servicios\/","title":{"rendered":"Services"},"content":{"rendered":"<div data-elementor-type=\"wp-page\" data-elementor-id=\"104\" class=\"elementor elementor-104\" data-elementor-post-type=\"page\">\n\t\t\t\t<div data-dce-background-image-url=\"https:\/\/autoplastek.com\/wp-content\/uploads\/2024\/02\/Servicios_Banner.png\" class=\"elementor-element elementor-element-8b8e784 e-con-full e-flex e-con e-parent\" data-id=\"8b8e784\" data-element_type=\"container\" data-settings=\"{&quot;background_background&quot;:&quot;classic&quot;,&quot;jet_parallax_layout_list&quot;:[]}\">\n\t\t\t\t<div class=\"elementor-element elementor-element-cb30d75 elementor-widget elementor-widget-heading\" data-id=\"cb30d75\" data-element_type=\"widget\" data-widget_type=\"heading.default\">\n\t\t\t\t<div class=\"elementor-widget-container\">\n\t\t\t<style>\/*! elementor - v3.22.0 - 24-06-2024 *\/\n.elementor-heading-title{padding:0;margin:0;line-height:1}.elementor-widget-heading .elementor-heading-title[class*=elementor-size-]>a{color:inherit;font-size:inherit;line-height:inherit}.elementor-widget-heading .elementor-heading-title.elementor-size-small{font-size:15px}.elementor-widget-heading .elementor-heading-title.elementor-size-medium{font-size:19px}.elementor-widget-heading .elementor-heading-title.elementor-size-large{font-size:29px}.elementor-widget-heading .elementor-heading-title.elementor-size-xl{font-size:39px}.elementor-widget-heading .elementor-heading-title.elementor-size-xxl{font-size:59px}<\/style><h2 class=\"elementor-heading-title elementor-size-default\">We stand out for our processes!\n<\/h2>\t\t<\/div>\n\t\t\t\t<\/div>\n\t\t\t\t<div class=\"elementor-element elementor-element-49dc537 elementor-hidden-mobile elementor-widget elementor-widget-text-editor\" data-id=\"49dc537\" data-element_type=\"widget\" data-widget_type=\"text-editor.default\">\n\t\t\t\t<div class=\"elementor-widget-container\">\n\t\t\t<style>\/*! elementor - v3.22.0 - 24-06-2024 *\/\n.elementor-widget-text-editor.elementor-drop-cap-view-stacked .elementor-drop-cap{background-color:#69727d;color:#fff}.elementor-widget-text-editor.elementor-drop-cap-view-framed .elementor-drop-cap{color:#69727d;border:3px solid;background-color:transparent}.elementor-widget-text-editor:not(.elementor-drop-cap-view-default) .elementor-drop-cap{margin-top:8px}.elementor-widget-text-editor:not(.elementor-drop-cap-view-default) .elementor-drop-cap-letter{width:1em;height:1em}.elementor-widget-text-editor .elementor-drop-cap{float:left;text-align:center;line-height:1;font-size:50px}.elementor-widget-text-editor .elementor-drop-cap-letter{display:inline-block}<\/style>\t\t\t\t<p class=\" translation-block\">Discover our specialization in plastic injection, offering high-quality <br> services that transform products into excellence.<\/p>\t\t\t\t\t\t<\/div>\n\t\t\t\t<\/div>\n\t\t\t\t<div class=\"elementor-element elementor-element-63d1593 elementor-hidden-desktop elementor-widget elementor-widget-text-editor\" data-id=\"63d1593\" data-element_type=\"widget\" data-widget_type=\"text-editor.default\">\n\t\t\t\t<div class=\"elementor-widget-container\">\n\t\t\t\t\t\t\t<p>Descubre nuestra especializaci\u00f3n en inyecci\u00f3n de pl\u00e1stico, ofreciendo servicios de alta calidad que transforman productos en excelencia.<\/p>\t\t\t\t\t\t<\/div>\n\t\t\t\t<\/div>\n\t\t\t\t<\/div>\n\t\t<div class=\"elementor-element elementor-element-f2164f5 e-con-full e-flex e-con e-parent\" data-id=\"f2164f5\" data-element_type=\"container\" data-settings=\"{&quot;jet_parallax_layout_list&quot;:[]}\">\n\t\t<div class=\"elementor-element elementor-element-c1630de e-con-full e-flex e-con e-child\" data-id=\"c1630de\" data-element_type=\"container\" data-settings=\"{&quot;jet_parallax_layout_list&quot;:[]}\">\n\t\t<div class=\"elementor-element elementor-element-e1cf7a1 e-flex e-con-boxed e-con e-child\" data-id=\"e1cf7a1\" data-element_type=\"container\" data-settings=\"{&quot;jet_parallax_layout_list&quot;:[]}\">\n\t\t\t\t\t<div class=\"e-con-inner\">\n\t\t\t\t<div class=\"elementor-element elementor-element-534fecc elementor-widget elementor-widget-heading\" data-id=\"534fecc\" data-element_type=\"widget\" data-widget_type=\"heading.default\">\n\t\t\t\t<div class=\"elementor-widget-container\">\n\t\t\t<h2 class=\"elementor-heading-title elementor-size-default translation-block\"><span style=\"font-size: 50px;font-family:'Helvetica'\">2K y 3K<\/span> injection<\/h2>\t\t<\/div>\n\t\t\t\t<\/div>\n\t\t\t\t\t<\/div>\n\t\t\t\t<\/div>\n\t\t\t\t<div class=\"elementor-element elementor-element-52393b8 elementor-widget elementor-widget-text-editor\" data-id=\"52393b8\" data-element_type=\"widget\" data-widget_type=\"text-editor.default\">\n\t\t\t\t<div class=\"elementor-widget-container\">\n\t\t\t\t\t\t\t<p>In the 2K injection process, two materials are combined into a single piece, allowing for soft\/hard textures or the creation of parts with different colors. With 3K injection, we achieve the same effect but with three different materials, textures, or colors.<\/p>\t\t\t\t\t\t<\/div>\n\t\t\t\t<\/div>\n\t\t\t\t<\/div>\n\t\t<div class=\"elementor-element elementor-element-90c9ef2 e-con-full e-flex e-con e-child\" data-id=\"90c9ef2\" data-element_type=\"container\" data-settings=\"{&quot;jet_parallax_layout_list&quot;:[]}\">\n\t\t\t\t<div class=\"elementor-element elementor-element-9c4f1cb elementor-invisible elementor-widget elementor-widget-image\" data-id=\"9c4f1cb\" data-element_type=\"widget\" data-settings=\"{&quot;_animation&quot;:&quot;fadeInRight&quot;}\" data-widget_type=\"image.default\">\n\t\t\t\t<div class=\"elementor-widget-container\">\n\t\t\t<style>\/*! elementor - v3.22.0 - 24-06-2024 *\/\n.elementor-widget-image{text-align:center}.elementor-widget-image a{display:inline-block}.elementor-widget-image a img[src$=\".svg\"]{width:48px}.elementor-widget-image img{vertical-align:middle;display:inline-block}<\/style>\t\t\t\t\t\t\t\t\t\t<img fetchpriority=\"high\" decoding=\"async\" width=\"800\" height=\"488\" src=\"https:\/\/autoplastek.com\/wp-content\/uploads\/2024\/02\/2k_Grafico.png\" class=\"attachment-large size-large wp-image-410\" alt=\"\" srcset=\"https:\/\/autoplastek.com\/wp-content\/uploads\/2024\/02\/2k_Grafico.png 950w, https:\/\/autoplastek.com\/wp-content\/uploads\/2024\/02\/2k_Grafico-300x183.png 300w, https:\/\/autoplastek.com\/wp-content\/uploads\/2024\/02\/2k_Grafico-768x469.png 768w\" sizes=\"(max-width: 800px) 100vw, 800px\" \/>\t\t\t\t\t\t\t\t\t\t\t\t\t<\/div>\n\t\t\t\t<\/div>\n\t\t\t\t<\/div>\n\t\t\t\t<\/div>\n\t\t<div class=\"elementor-element elementor-element-8324aac e-con-full e-flex e-con e-parent\" data-id=\"8324aac\" data-element_type=\"container\" data-settings=\"{&quot;jet_parallax_layout_list&quot;:[]}\">\n\t\t<div class=\"elementor-element elementor-element-6cd3568 e-con-full e-flex e-con e-child\" data-id=\"6cd3568\" data-element_type=\"container\" data-settings=\"{&quot;jet_parallax_layout_list&quot;:[]}\">\n\t\t\t\t<div class=\"elementor-element elementor-element-81656ad elementor-widget elementor-widget-heading\" data-id=\"81656ad\" data-element_type=\"widget\" data-widget_type=\"heading.default\">\n\t\t\t\t<div class=\"elementor-widget-container\">\n\t\t\t<h2 class=\"elementor-heading-title elementor-size-default\">Overmolding<\/h2>\t\t<\/div>\n\t\t\t\t<\/div>\n\t\t\t\t<div class=\"elementor-element elementor-element-8c2494c elementor-widget elementor-widget-text-editor\" data-id=\"8c2494c\" data-element_type=\"widget\" data-widget_type=\"text-editor.default\">\n\t\t\t\t<div class=\"elementor-widget-container\">\n\t\t\t\t\t\t\t<p>This process involves injecting a second material onto a previously molded piece, creating layers or areas with different properties. This is achieved in a mold prepared to receive the second material after the formation of the base part. The result is parts with combinations of materials, colors, or textures that offer design and functionality advantages for various industrial applications.<\/p>\t\t\t\t\t\t<\/div>\n\t\t\t\t<\/div>\n\t\t\t\t<\/div>\n\t\t<div class=\"elementor-element elementor-element-3e16726 e-con-full e-flex e-con e-child\" data-id=\"3e16726\" data-element_type=\"container\" data-settings=\"{&quot;jet_parallax_layout_list&quot;:[]}\">\n\t\t\t\t<div class=\"elementor-element elementor-element-683489b elementor-invisible elementor-widget elementor-widget-image\" data-id=\"683489b\" data-element_type=\"widget\" data-settings=\"{&quot;_animation&quot;:&quot;fadeInLeft&quot;}\" data-widget_type=\"image.default\">\n\t\t\t\t<div class=\"elementor-widget-container\">\n\t\t\t\t\t\t\t\t\t\t\t\t\t<img decoding=\"async\" width=\"800\" height=\"488\" src=\"https:\/\/autoplastek.com\/wp-content\/uploads\/2024\/02\/Overmolding_Grafico.png\" class=\"attachment-large size-large wp-image-412\" alt=\"\" srcset=\"https:\/\/autoplastek.com\/wp-content\/uploads\/2024\/02\/Overmolding_Grafico.png 950w, https:\/\/autoplastek.com\/wp-content\/uploads\/2024\/02\/Overmolding_Grafico-300x183.png 300w, https:\/\/autoplastek.com\/wp-content\/uploads\/2024\/02\/Overmolding_Grafico-768x469.png 768w\" sizes=\"(max-width: 800px) 100vw, 800px\" \/>\t\t\t\t\t\t\t\t\t\t\t\t\t<\/div>\n\t\t\t\t<\/div>\n\t\t\t\t<\/div>\n\t\t\t\t<\/div>\n\t\t<div class=\"elementor-element elementor-element-15e4ca2 e-con-full e-flex e-con e-parent\" data-id=\"15e4ca2\" data-element_type=\"container\" data-settings=\"{&quot;jet_parallax_layout_list&quot;:[]}\">\n\t\t<div class=\"elementor-element elementor-element-dc80cc3 e-con-full e-flex e-con e-child\" data-id=\"dc80cc3\" data-element_type=\"container\" data-settings=\"{&quot;jet_parallax_layout_list&quot;:[]}\">\n\t\t<div class=\"elementor-element elementor-element-c1619c1 e-flex e-con-boxed e-con e-child\" data-id=\"c1619c1\" data-element_type=\"container\" data-settings=\"{&quot;jet_parallax_layout_list&quot;:[]}\">\n\t\t\t\t\t<div class=\"e-con-inner\">\n\t\t\t\t<div class=\"elementor-element elementor-element-353bf05 elementor-widget elementor-widget-heading\" data-id=\"353bf05\" data-element_type=\"widget\" data-widget_type=\"heading.default\">\n\t\t\t\t<div class=\"elementor-widget-container\">\n\t\t\t<h2 class=\"elementor-heading-title elementor-size-default\">Color and Transparent Injection<\/h2>\t\t<\/div>\n\t\t\t\t<\/div>\n\t\t\t\t\t<\/div>\n\t\t\t\t<\/div>\n\t\t\t\t<div class=\"elementor-element elementor-element-ab3884f elementor-widget elementor-widget-text-editor\" data-id=\"ab3884f\" data-element_type=\"widget\" data-widget_type=\"text-editor.default\">\n\t\t\t\t<div class=\"elementor-widget-container\">\n\t\t\t\t\t\t\t<p>We have extensive experience in color and transparency injection, a process we have perfected thanks to our advanced technology and the collaboration of our expert production team.<\/p>\t\t\t\t\t\t<\/div>\n\t\t\t\t<\/div>\n\t\t\t\t<\/div>\n\t\t<div class=\"elementor-element elementor-element-22ab1cd e-con-full e-flex e-con e-child\" data-id=\"22ab1cd\" data-element_type=\"container\" data-settings=\"{&quot;jet_parallax_layout_list&quot;:[]}\">\n\t\t\t\t<div class=\"elementor-element elementor-element-3523277 elementor-invisible elementor-widget elementor-widget-image\" data-id=\"3523277\" data-element_type=\"widget\" data-settings=\"{&quot;_animation&quot;:&quot;fadeInRight&quot;}\" data-widget_type=\"image.default\">\n\t\t\t\t<div class=\"elementor-widget-container\">\n\t\t\t\t\t\t\t\t\t\t\t\t\t<img decoding=\"async\" width=\"800\" height=\"422\" src=\"https:\/\/autoplastek.com\/wp-content\/uploads\/2024\/02\/Transparentes_Grafico-1024x540.png\" class=\"attachment-large size-large wp-image-414\" alt=\"\" srcset=\"https:\/\/autoplastek.com\/wp-content\/uploads\/2024\/02\/Transparentes_Grafico-1024x540.png 1024w, https:\/\/autoplastek.com\/wp-content\/uploads\/2024\/02\/Transparentes_Grafico-300x158.png 300w, https:\/\/autoplastek.com\/wp-content\/uploads\/2024\/02\/Transparentes_Grafico-768x405.png 768w, https:\/\/autoplastek.com\/wp-content\/uploads\/2024\/02\/Transparentes_Grafico.png 1099w\" sizes=\"(max-width: 800px) 100vw, 800px\" \/>\t\t\t\t\t\t\t\t\t\t\t\t\t<\/div>\n\t\t\t\t<\/div>\n\t\t\t\t<\/div>\n\t\t\t\t<\/div>\n\t\t<div class=\"elementor-element elementor-element-223c33c e-flex e-con-boxed e-con e-parent\" data-id=\"223c33c\" data-element_type=\"container\" data-settings=\"{&quot;jet_parallax_layout_list&quot;:[]}\">\n\t\t\t\t\t<div class=\"e-con-inner\">\n\t\t\t\t<div class=\"elementor-element elementor-element-0f9a8ed elementor-align-center elementor-widget elementor-widget-button\" data-id=\"0f9a8ed\" data-element_type=\"widget\" data-widget_type=\"button.default\">\n\t\t\t\t<div class=\"elementor-widget-container\">\n\t\t\t\t\t<div class=\"elementor-button-wrapper\">\n\t\t\t<a class=\"elementor-button elementor-button-link elementor-size-sm\" href=\"https:\/\/autoplastek.com\/en\/contacto\/\">\n\t\t\t\t\t\t<span class=\"elementor-button-content-wrapper\">\n\t\t\t\t\t\t\t\t\t<span class=\"elementor-button-text\">Request a quote<\/span>\n\t\t\t\t\t<\/span>\n\t\t\t\t\t<\/a>\n\t\t<\/div>\n\t\t\t\t<\/div>\n\t\t\t\t<\/div>\n\t\t\t\t\t<\/div>\n\t\t\t\t<\/div>\n\t\t\t\t<\/div>","protected":false},"excerpt":{"rendered":"<p>\u00a1Destacamos por nuestros procesos! Descubre nuestra especializaci\u00f3n en inyecci\u00f3n de pl\u00e1stico,ofreciendo servicios de alta calidad que transforman productosen excelencia. Descubre nuestra especializaci\u00f3n en inyecci\u00f3n de pl\u00e1stico, ofreciendo servicios de alta calidad que transforman productos en excelencia. Inyecci\u00f3n 2K y 3K En el proceso de inyecci\u00f3n 2K, se combinan dos materiales en una sola pieza, permitiendo [&hellip;]<\/p>","protected":false},"author":2,"featured_media":0,"parent":0,"menu_order":0,"comment_status":"closed","ping_status":"closed","template":"","meta":{"footnotes":""},"_links":{"self":[{"href":"https:\/\/autoplastek.com\/en\/wp-json\/wp\/v2\/pages\/104"}],"collection":[{"href":"https:\/\/autoplastek.com\/en\/wp-json\/wp\/v2\/pages"}],"about":[{"href":"https:\/\/autoplastek.com\/en\/wp-json\/wp\/v2\/types\/page"}],"author":[{"embeddable":true,"href":"https:\/\/autoplastek.com\/en\/wp-json\/wp\/v2\/users\/2"}],"replies":[{"embeddable":true,"href":"https:\/\/autoplastek.com\/en\/wp-json\/wp\/v2\/comments?post=104"}],"version-history":[{"count":22,"href":"https:\/\/autoplastek.com\/en\/wp-json\/wp\/v2\/pages\/104\/revisions"}],"predecessor-version":[{"id":1090,"href":"https:\/\/autoplastek.com\/en\/wp-json\/wp\/v2\/pages\/104\/revisions\/1090"}],"wp:attachment":[{"href":"https:\/\/autoplastek.com\/en\/wp-json\/wp\/v2\/media?parent=104"}],"curies":[{"name":"wp","href":"https:\/\/api.w.org\/{rel}","templated":true}]}}