{"id":102,"date":"2024-02-12T16:31:43","date_gmt":"2024-02-12T22:31:43","guid":{"rendered":"https:\/\/autoplastek.dreamhosters.com\/?page_id=102"},"modified":"2025-06-29T17:08:27","modified_gmt":"2025-06-29T23:08:27","slug":"acerca-de-nosotros","status":"publish","type":"page","link":"https:\/\/autoplastek.com\/en\/acerca-de-nosotros\/","title":{"rendered":"About us"},"content":{"rendered":"<div data-elementor-type=\"wp-page\" data-elementor-id=\"102\" class=\"elementor elementor-102\" data-elementor-post-type=\"page\">\n\t\t\t\t<div data-dce-background-image-url=\"https:\/\/autoplastek.com\/wp-content\/uploads\/2024\/02\/Nosotros.png\" class=\"elementor-element elementor-element-3e51c39 e-flex e-con-boxed e-con e-parent\" data-id=\"3e51c39\" data-element_type=\"container\" data-settings=\"{&quot;background_background&quot;:&quot;classic&quot;,&quot;jet_parallax_layout_list&quot;:[]}\">\n\t\t\t\t\t<div class=\"e-con-inner\">\n\t\t\t\t<div class=\"elementor-element elementor-element-cce35ca elementor-widget elementor-widget-heading\" data-id=\"cce35ca\" data-element_type=\"widget\" data-widget_type=\"heading.default\">\n\t\t\t\t<div class=\"elementor-widget-container\">\n\t\t\t<style>\/*! elementor - v3.22.0 - 24-06-2024 *\/\n.elementor-heading-title{padding:0;margin:0;line-height:1}.elementor-widget-heading .elementor-heading-title[class*=elementor-size-]>a{color:inherit;font-size:inherit;line-height:inherit}.elementor-widget-heading .elementor-heading-title.elementor-size-small{font-size:15px}.elementor-widget-heading .elementor-heading-title.elementor-size-medium{font-size:19px}.elementor-widget-heading .elementor-heading-title.elementor-size-large{font-size:29px}.elementor-widget-heading .elementor-heading-title.elementor-size-xl{font-size:39px}.elementor-widget-heading .elementor-heading-title.elementor-size-xxl{font-size:59px}<\/style><h2 class=\"elementor-heading-title elementor-size-default\">More about us<\/h2>\t\t<\/div>\n\t\t\t\t<\/div>\n\t\t\t\t\t<\/div>\n\t\t\t\t<\/div>\n\t\t<div class=\"elementor-element elementor-element-45603e3 e-con-full e-flex e-con e-parent\" data-id=\"45603e3\" data-element_type=\"container\" data-settings=\"{&quot;jet_parallax_layout_list&quot;:[]}\">\n\t\t<div class=\"elementor-element elementor-element-bd657a4 e-con-full e-flex e-con e-child\" data-id=\"bd657a4\" data-element_type=\"container\" data-settings=\"{&quot;jet_parallax_layout_list&quot;:[]}\">\n\t\t\t\t<div class=\"elementor-element elementor-element-987fb93 elementor-widget elementor-widget-heading\" data-id=\"987fb93\" data-element_type=\"widget\" data-widget_type=\"heading.default\">\n\t\t\t\t<div class=\"elementor-widget-container\">\n\t\t\t<h2 class=\"elementor-heading-title elementor-size-default\">Mission<\/h2>\t\t<\/div>\n\t\t\t\t<\/div>\n\t\t\t\t<div class=\"elementor-element elementor-element-86fdf44 elementor-widget elementor-widget-text-editor\" data-id=\"86fdf44\" data-element_type=\"widget\" data-widget_type=\"text-editor.default\">\n\t\t\t\t<div class=\"elementor-widget-container\">\n\t\t\t<style>\/*! elementor - v3.22.0 - 24-06-2024 *\/\n.elementor-widget-text-editor.elementor-drop-cap-view-stacked .elementor-drop-cap{background-color:#69727d;color:#fff}.elementor-widget-text-editor.elementor-drop-cap-view-framed .elementor-drop-cap{color:#69727d;border:3px solid;background-color:transparent}.elementor-widget-text-editor:not(.elementor-drop-cap-view-default) .elementor-drop-cap{margin-top:8px}.elementor-widget-text-editor:not(.elementor-drop-cap-view-default) .elementor-drop-cap-letter{width:1em;height:1em}.elementor-widget-text-editor .elementor-drop-cap{float:left;text-align:center;line-height:1;font-size:50px}.elementor-widget-text-editor .elementor-drop-cap-letter{display:inline-block}<\/style>\t\t\t\t<p>At Auto Plastek, our mission is to lead excellence in plastic injection, surpassing our clients' expectations through a rigorous system of excellence. We commit to ensuring quality at every step of our processes, driving the continuous development of our human talent, and forging solid and mutually beneficial relationships with our business partners. Additionally, we provide employment opportunities in the communities where we operate, thus contributing to economic and social growth.<\/p>\t\t\t\t\t\t<\/div>\n\t\t\t\t<\/div>\n\t\t\t\t<\/div>\n\t\t<div class=\"elementor-element elementor-element-cf6dca6 e-con-full e-flex e-con e-child\" data-id=\"cf6dca6\" data-element_type=\"container\" data-settings=\"{&quot;jet_parallax_layout_list&quot;:[]}\">\n\t\t\t\t<div class=\"elementor-element elementor-element-3eca12e elementor-invisible elementor-widget elementor-widget-image\" data-id=\"3eca12e\" data-element_type=\"widget\" data-settings=\"{&quot;_animation&quot;:&quot;zoomInRight&quot;}\" data-widget_type=\"image.default\">\n\t\t\t\t<div class=\"elementor-widget-container\">\n\t\t\t<style>\/*! elementor - v3.22.0 - 24-06-2024 *\/\n.elementor-widget-image{text-align:center}.elementor-widget-image a{display:inline-block}.elementor-widget-image a img[src$=\".svg\"]{width:48px}.elementor-widget-image img{vertical-align:middle;display:inline-block}<\/style>\t\t\t\t\t\t\t\t\t\t<img fetchpriority=\"high\" decoding=\"async\" width=\"654\" height=\"412\" src=\"https:\/\/autoplastek.com\/wp-content\/uploads\/2024\/02\/Mision-1.png\" class=\"attachment-large size-large wp-image-399\" alt=\"\" srcset=\"https:\/\/autoplastek.com\/wp-content\/uploads\/2024\/02\/Mision-1.png 654w, https:\/\/autoplastek.com\/wp-content\/uploads\/2024\/02\/Mision-1-300x189.png 300w\" sizes=\"(max-width: 654px) 100vw, 654px\" \/>\t\t\t\t\t\t\t\t\t\t\t\t\t<\/div>\n\t\t\t\t<\/div>\n\t\t\t\t<\/div>\n\t\t\t\t<\/div>\n\t\t<div class=\"elementor-element elementor-element-5e72021 e-con-full e-flex e-con e-parent\" data-id=\"5e72021\" data-element_type=\"container\" data-settings=\"{&quot;jet_parallax_layout_list&quot;:[]}\">\n\t\t<div class=\"elementor-element elementor-element-d926dea e-con-full e-flex e-con e-child\" data-id=\"d926dea\" data-element_type=\"container\" data-settings=\"{&quot;jet_parallax_layout_list&quot;:[]}\">\n\t\t\t\t<div class=\"elementor-element elementor-element-cf208a9 elementor-widget elementor-widget-heading\" data-id=\"cf208a9\" data-element_type=\"widget\" data-widget_type=\"heading.default\">\n\t\t\t\t<div class=\"elementor-widget-container\">\n\t\t\t<h2 class=\"elementor-heading-title elementor-size-default\">Vision<\/h2>\t\t<\/div>\n\t\t\t\t<\/div>\n\t\t\t\t<div class=\"elementor-element elementor-element-e852abf elementor-widget elementor-widget-text-editor\" data-id=\"e852abf\" data-element_type=\"widget\" data-widget_type=\"text-editor.default\">\n\t\t\t\t<div class=\"elementor-widget-container\">\n\t\t\t\t\t\t\t<p>At Auto Plastek, our vision is to stand out as the preferred Tier 1.5 supplier in the automotive industry. We strive to be more than just a Tier 2 supplier, by constantly seeking to add value to our customers and become an indispensable link in their supply chain. To achieve this, we remain at the forefront of technology, implementing the latest innovations in machinery and processes to ensure the quality that sets us apart. Additionally, our commitment to the comprehensive development of our team through Serviantship positions us as a strategic ally for our customers' success and the sustainable growth of our company.<\/p>\t\t\t\t\t\t<\/div>\n\t\t\t\t<\/div>\n\t\t\t\t<\/div>\n\t\t<div class=\"elementor-element elementor-element-a2e23d0 e-con-full e-flex e-con e-child\" data-id=\"a2e23d0\" data-element_type=\"container\" data-settings=\"{&quot;jet_parallax_layout_list&quot;:[]}\">\n\t\t\t\t<div class=\"elementor-element elementor-element-3b44aee elementor-invisible elementor-widget elementor-widget-image\" data-id=\"3b44aee\" data-element_type=\"widget\" data-settings=\"{&quot;_animation&quot;:&quot;zoomInLeft&quot;}\" data-widget_type=\"image.default\">\n\t\t\t\t<div class=\"elementor-widget-container\">\n\t\t\t\t\t\t\t\t\t\t\t\t\t<img decoding=\"async\" width=\"654\" height=\"412\" src=\"https:\/\/autoplastek.com\/wp-content\/uploads\/2024\/02\/Vision.png\" class=\"attachment-large size-large wp-image-398\" alt=\"\" srcset=\"https:\/\/autoplastek.com\/wp-content\/uploads\/2024\/02\/Vision.png 654w, https:\/\/autoplastek.com\/wp-content\/uploads\/2024\/02\/Vision-300x189.png 300w\" sizes=\"(max-width: 654px) 100vw, 654px\" \/>\t\t\t\t\t\t\t\t\t\t\t\t\t<\/div>\n\t\t\t\t<\/div>\n\t\t\t\t<\/div>\n\t\t\t\t<\/div>\n\t\t<div class=\"elementor-element elementor-element-dd9bbb6 e-flex e-con-boxed e-con e-parent\" data-id=\"dd9bbb6\" data-element_type=\"container\" data-settings=\"{&quot;jet_parallax_layout_list&quot;:[]}\">\n\t\t\t\t\t<div class=\"e-con-inner\">\n\t\t\t\t<div class=\"elementor-element elementor-element-9fd5123 elementor-widget elementor-widget-heading\" data-id=\"9fd5123\" data-element_type=\"widget\" data-widget_type=\"heading.default\">\n\t\t\t\t<div class=\"elementor-widget-container\">\n\t\t\t<h2 class=\"elementor-heading-title elementor-size-default\">Quality and Environmental Policy<\/h2>\t\t<\/div>\n\t\t\t\t<\/div>\n\t\t\t\t<div class=\"elementor-element elementor-element-aff7a59 elementor-widget elementor-widget-text-editor\" data-id=\"aff7a59\" data-element_type=\"widget\" data-widget_type=\"text-editor.default\">\n\t\t\t\t<div class=\"elementor-widget-container\">\n\t\t\t\t\t\t\t<p>To provide high-quality products that meet and fulfill the applicable requirements of customers, legal standards, and stakeholders; focused on continuous improvement, defect prevention, and environmental protection by reducing environmental impact and minimizing waste through risk analysis and the implementation of preventive actions. Therefore, our system is based on the growth of highly competitive, trained work teams with a focus on the efficient use of resources.<\/p>\t\t\t\t\t\t<\/div>\n\t\t\t\t<\/div>\n\t\t\t\t\t<\/div>\n\t\t\t\t<\/div>\n\t\t<div data-dce-background-image-url=\"https:\/\/autoplastek.com\/wp-content\/uploads\/2024\/02\/Fondo-7-Claves.png\" class=\"elementor-element elementor-element-0446013 e-flex e-con-boxed e-con e-parent\" data-id=\"0446013\" data-element_type=\"container\" data-settings=\"{&quot;background_background&quot;:&quot;classic&quot;,&quot;jet_parallax_layout_list&quot;:[]}\">\n\t\t\t\t\t<div class=\"e-con-inner\">\n\t\t<div class=\"elementor-element elementor-element-8946684 e-con-full e-flex e-con e-child\" data-id=\"8946684\" data-element_type=\"container\" data-settings=\"{&quot;jet_parallax_layout_list&quot;:[]}\">\n\t\t\t\t<div class=\"elementor-element elementor-element-0cb46d8 elementor-widget elementor-widget-heading\" data-id=\"0cb46d8\" data-element_type=\"widget\" data-widget_type=\"heading.default\">\n\t\t\t\t<div class=\"elementor-widget-container\">\n\t\t\t<h2 class=\"elementor-heading-title elementor-size-default\">System of Excellence<\/h2>\t\t<\/div>\n\t\t\t\t<\/div>\n\t\t\t\t<div class=\"elementor-element elementor-element-c13b4f5 elementor-widget elementor-widget-text-editor\" data-id=\"c13b4f5\" data-element_type=\"widget\" data-widget_type=\"text-editor.default\">\n\t\t\t\t<div class=\"elementor-widget-container\">\n\t\t\t\t\t\t\t<p>Auto Plastek's System of Excellence provides a clear vision of how our operations function through the implementation and continuous improvement of our core processes. This system offers a structured approach to achieving our objectives, which includes tools and techniques designed for the development of each employee and the success of the Group.<\/p><p>50% of our system is based on Serviantship, where we work to ensure that all Auto Plastek employees aspire to be inspiring leaders. How do we achieve this? By serving, training, growing, and delivering results.<\/p>\t\t\t\t\t\t<\/div>\n\t\t\t\t<\/div>\n\t\t\t\t<\/div>\n\t\t<div class=\"elementor-element elementor-element-4921438 e-con-full e-flex e-con e-child\" data-id=\"4921438\" data-element_type=\"container\" data-settings=\"{&quot;jet_parallax_layout_list&quot;:[]}\">\n\t\t\t\t<div class=\"elementor-element elementor-element-ee97edb elementor-invisible elementor-widget elementor-widget-image\" data-id=\"ee97edb\" data-element_type=\"widget\" data-settings=\"{&quot;_animation&quot;:&quot;zoomInRight&quot;}\" data-widget_type=\"image.default\">\n\t\t\t\t<div class=\"elementor-widget-container\">\n\t\t\t\t\t\t\t\t\t\t\t\t\t<img decoding=\"async\" width=\"800\" height=\"800\" src=\"https:\/\/autoplastek.com\/wp-content\/uploads\/2024\/05\/7-KEYS-OF-EXCELENCE-Ingles.png\" class=\"attachment-large size-large wp-image-916\" alt=\"\" srcset=\"https:\/\/autoplastek.com\/wp-content\/uploads\/2024\/05\/7-KEYS-OF-EXCELENCE-Ingles.png 4135w, https:\/\/autoplastek.com\/wp-content\/uploads\/2024\/05\/7-KEYS-OF-EXCELENCE-Ingles-300x294.png 300w, https:\/\/autoplastek.com\/wp-content\/uploads\/2024\/05\/7-KEYS-OF-EXCELENCE-Ingles-1024x1005.png 1024w, https:\/\/autoplastek.com\/wp-content\/uploads\/2024\/05\/7-KEYS-OF-EXCELENCE-Ingles-768x754.png 768w, https:\/\/autoplastek.com\/wp-content\/uploads\/2024\/05\/7-KEYS-OF-EXCELENCE-Ingles-1536x1507.png 1536w, https:\/\/autoplastek.com\/wp-content\/uploads\/2024\/05\/7-KEYS-OF-EXCELENCE-Ingles-2048x2009.png 2048w, https:\/\/autoplastek.com\/wp-content\/uploads\/2024\/05\/7-KEYS-OF-EXCELENCE-Ingles-12x12.png 12w\" sizes=\"(max-width: 800px) 100vw, 800px\" \/>\t\t\t\t\t\t\t\t\t\t\t\t\t<\/div>\n\t\t\t\t<\/div>\n\t\t\t\t<\/div>\n\t\t\t\t\t<\/div>\n\t\t\t\t<\/div>\n\t\t\t\t<\/div>","protected":false},"excerpt":{"rendered":"<p>NOSOTROS Misi\u00f3n En Auto Plastek, nuestra misi\u00f3n es liderar la excelencia en la inyecci\u00f3n de pl\u00e1stico, superando las expectativas de nuestros clientes a trav\u00e9s de un riguroso sistema de excelencia. Nos comprometemos a garantizar la calidad en cada paso de nuestros procesos, impulsando el desarrollo continuo de nuestro talento humano y forjando relaciones s\u00f3lidas y [&hellip;]<\/p>","protected":false},"author":2,"featured_media":0,"parent":0,"menu_order":0,"comment_status":"closed","ping_status":"closed","template":"","meta":{"footnotes":""},"_links":{"self":[{"href":"https:\/\/autoplastek.com\/en\/wp-json\/wp\/v2\/pages\/102"}],"collection":[{"href":"https:\/\/autoplastek.com\/en\/wp-json\/wp\/v2\/pages"}],"about":[{"href":"https:\/\/autoplastek.com\/en\/wp-json\/wp\/v2\/types\/page"}],"author":[{"embeddable":true,"href":"https:\/\/autoplastek.com\/en\/wp-json\/wp\/v2\/users\/2"}],"replies":[{"embeddable":true,"href":"https:\/\/autoplastek.com\/en\/wp-json\/wp\/v2\/comments?post=102"}],"version-history":[{"count":25,"href":"https:\/\/autoplastek.com\/en\/wp-json\/wp\/v2\/pages\/102\/revisions"}],"predecessor-version":[{"id":1159,"href":"https:\/\/autoplastek.com\/en\/wp-json\/wp\/v2\/pages\/102\/revisions\/1159"}],"wp:attachment":[{"href":"https:\/\/autoplastek.com\/en\/wp-json\/wp\/v2\/media?parent=102"}],"curies":[{"name":"wp","href":"https:\/\/api.w.org\/{rel}","templated":true}]}}